{"id":2,"date":"2019-09-26T14:32:37","date_gmt":"2019-09-26T12:32:37","guid":{"rendered":"http:\/\/marionvagile.fr\/?page_id=2"},"modified":"2021-06-22T22:56:21","modified_gmt":"2021-06-22T20:56:21","slug":"page-d-exemple","status":"publish","type":"page","link":"https:\/\/www.marionvagile.fr\/","title":{"rendered":"Accueil"},"content":{"rendered":"\n<figure class=\"wp-block-image\"><img loading=\"lazy\" decoding=\"async\" width=\"1018\" height=\"120\" src=\"http:\/\/www.marionvagile.fr\/wp-content\/uploads\/2019\/09\/banner1.png\" alt=\"\" class=\"wp-image-15\" srcset=\"https:\/\/www.marionvagile.fr\/wp-content\/uploads\/2019\/09\/banner1.png 1018w, https:\/\/www.marionvagile.fr\/wp-content\/uploads\/2019\/09\/banner1-300x35.png 300w, https:\/\/www.marionvagile.fr\/wp-content\/uploads\/2019\/09\/banner1-768x91.png 768w\" sizes=\"(max-width: 1018px) 100vw, 1018px\" \/><\/figure>\n\n\n\n<h1 class=\"wp-block-heading\">Bienvenue !<\/h1>\n\n\n\n<p>Je suis Ost\u00e9opathe DO et je pratique l\u2019ost\u00e9opathie exclusive. L\u2019ost\u00e9opathie est une profession reconnue par la loi de 2002 et par les d\u00e9crets d\u2019application de 2007. Je suis inscrite \u00e0 la DRASS d\u2019Aquitaine sous le num\u00e9ro Adeli  0002981.<\/p>\n\n\n\n<p>J\u2019ai effectu\u00e9 un cursus complet de 5 ans au Coll\u00e8ge Ost\u00e9opathique Sutherland Atlantique (\u00e9cole agr\u00e9e par le Minist\u00e8re de la Sant\u00e9) et un m\u00e9moire de fin d\u2019\u00e9tude intitul\u00e9 \u00ab&nbsp;Ost\u00e9opathie, b\u00e9b\u00e9 et loi&nbsp;: o\u00f9 en est-on&nbsp;?&nbsp;\u00bb. Depuis je continue \u00e0 me perfectionner gr\u00e2ce \u00e0 des formations post graduate et dans ce cadre j\u2019ai obtenu un certificat d\u2019ost\u00e9opathie p\u00e9diatrique.<\/p>\n\n\n\n<p>Dipl\u00f4m\u00e9e depuis 2010, apr\u00e8s un assistanat et plusieurs remplacements, je cr\u00e9e en 2011 le cabinet de M\u00e9rignac.<\/p>\n\n\n\n<h1 class=\"wp-block-heading\">Qu&rsquo;est-ce que l&rsquo;ost\u00e9opathie ?<\/h1>\n\n\n\n<p>L\u2019ost\u00e9opathe pratique une m\u00e9thode th\u00e9rapeutique manuelle consistant \u00e0 identifier l\u2019origine du (ou des) trouble(s) ressentis par le patient afin de le (ou les) r\u00e9tablir et de r\u00e9\u00e9quilibrer le fonctionnement physiologique du corps.<\/p>\n\n\n\n<p>Pour cela l\u2019ost\u00e9opathe s\u2019appuie sur :<\/p>\n\n\n\n<ul><li>Ses mains, l\u2019unique outil dont il se sert pour ressentir les zones de tension et de restriction de mobilit\u00e9.<\/li><li>Sa connaissance approfondie de l\u2019anatomie pour savoir ce qu\u2019il a sous la main de la peau \u00e0 l\u2019organe interne en passant par le syst\u00e8me art\u00e9riel et nerveux, de la physiologie pour savoir comment fonctionne un corps sain et de la pathologie pour conna\u00eetre les sympt\u00f4mes et les cons\u00e9quences de la maladie sur le corps. <\/li><li>Un panel de techniques vari\u00e9es avec des manipulations articulaires, fonctionnelles, visc\u00e9rales, cr\u00e2niennes ou encore fasciales afin de s\u2019adapter en permanence au patient, \u00e0 ses ant\u00e9c\u00e9dents m\u00e9dicaux et surtout \u00e0 sa douleur. <\/li><li>Une prise en charge globale du patient : un des concepts essentiel de l\u2019ost\u00e9opathie. Le corps est un tout et fonctionne donc comme tel. Chaque \u00e9l\u00e9ment du corps est reli\u00e9 \u00e0 un autre c\u2019est pour cela que parfois l\u2019origine de la douleur ne se situe pas \u00e0 l\u2019endroit ressenti comme douloureux par le patient. Par exemple une douleur de cheville peut \u00eatre due \u00e0 un probl\u00e8me de genou ou de hanche mais aussi de cervicale, de m\u00e2choire ou de crane. L\u2019ost\u00e9opathe va donc prendre en compte dans son diagnostic et dans son traitement l\u2019ensemble du corps et pas seulement la zone douloureuse.<\/li><li>L\u2019ost\u00e9opathie s\u2019adresse \u00e0 tous et \u00e0 tout \u00e2ge pour prendre en charge des motifs allant de la t\u00eate aux pieds. Le champ d\u2019action de l\u2019ost\u00e9opathie est large mais certains motifs ne sont pas assez connus, parcourez les diff\u00e9rents onglets afin de d\u00e9couvrir pour quels probl\u00e8mes consulter un ost\u00e9opathe est recommand\u00e9. <\/li><\/ul>\n\n\n\n<p>Malgr\u00e9 les nombreux exemples cit\u00e9s, si vous ou votre entourage pr\u00e9sente une douleur ou une maladie et que vous souhaitez savoir si l\u2019ost\u00e9opathie peut avoir un effet b\u00e9n\u00e9fique, n\u2019h\u00e9sitez pas \u00e0 me contacter ou \u00e0 me solliciter lors de votre passage au cabinet.<\/p>\n","protected":false},"excerpt":{"rendered":"<p>Bienvenue ! Je suis Ost\u00e9opathe DO et je pratique l\u2019ost\u00e9opathie exclusive. L\u2019ost\u00e9opathie est une profession reconnue par la loi de 2002 et par les d\u00e9crets d\u2019application de 2007. Je suis inscrite \u00e0 la DRASS d\u2019Aquitaine sous le num\u00e9ro Adeli 0002981. J\u2019ai effectu\u00e9 un cursus complet de 5 ans au Coll\u00e8ge Ost\u00e9opathique Sutherland Atlantique (\u00e9cole agr\u00e9e [&hellip;]<\/p>\n","protected":false},"author":1,"featured_media":0,"parent":0,"menu_order":0,"comment_status":"closed","ping_status":"open","template":"","meta":{"footnotes":""},"_links":{"self":[{"href":"https:\/\/www.marionvagile.fr\/index.php\/wp-json\/wp\/v2\/pages\/2"}],"collection":[{"href":"https:\/\/www.marionvagile.fr\/index.php\/wp-json\/wp\/v2\/pages"}],"about":[{"href":"https:\/\/www.marionvagile.fr\/index.php\/wp-json\/wp\/v2\/types\/page"}],"author":[{"embeddable":true,"href":"https:\/\/www.marionvagile.fr\/index.php\/wp-json\/wp\/v2\/users\/1"}],"replies":[{"embeddable":true,"href":"https:\/\/www.marionvagile.fr\/index.php\/wp-json\/wp\/v2\/comments?post=2"}],"version-history":[{"count":10,"href":"https:\/\/www.marionvagile.fr\/index.php\/wp-json\/wp\/v2\/pages\/2\/revisions"}],"predecessor-version":[{"id":86,"href":"https:\/\/www.marionvagile.fr\/index.php\/wp-json\/wp\/v2\/pages\/2\/revisions\/86"}],"wp:attachment":[{"href":"https:\/\/www.marionvagile.fr\/index.php\/wp-json\/wp\/v2\/media?parent=2"}],"curies":[{"name":"wp","href":"https:\/\/api.w.org\/{rel}","templated":true}]}}